{"id":77,"date":"2026-04-15T18:28:50","date_gmt":"2026-04-15T23:28:50","guid":{"rendered":""},"modified":"2026-04-15T18:28:50","modified_gmt":"2026-04-15T23:28:50","slug":"repositorio-historico","status":"publish","type":"page","link":"https:\/\/campusensap.minsa.gob.pe\/investigacion\/revista-cientifica\/repositorio-historico\/","title":{"rendered":"Repositorio Hist\u00f3rico por A\u00f1os y Vol\u00famen"},"content":{"rendered":"<p>Repositorio hist\u00f3rico de la Revista Cient\u00edfica ENSAP por a\u00f1os y vol\u00famenes. <em>(Contenido pendiente)<\/em><\/p>\n","protected":false},"excerpt":{"rendered":"<p>Repositorio hist\u00f3rico de la Revista Cient\u00edfica ENSAP por a\u00f1os y vol\u00famenes. (Contenido pendiente)<\/p>\n","protected":false},"author":2,"featured_media":0,"parent":80,"menu_order":0,"comment_status":"closed","ping_status":"closed","template":"","meta":{"_kad_post_transparent":"","_kad_post_title":"","_kad_post_layout":"","_kad_post_sidebar_id":"","_kad_post_content_style":"","_kad_post_vertical_padding":"","_kad_post_feature":"","_kad_post_feature_position":"","_kad_post_header":false,"_kad_post_footer":false,"_kad_post_classname":"","footnotes":""},"class_list":["post-77","page","type-page","status-publish","hentry"],"_links":{"self":[{"href":"https:\/\/campusensap.minsa.gob.pe\/investigacion\/wp-json\/wp\/v2\/pages\/77","targetHints":{"allow":["GET"]}}],"collection":[{"href":"https:\/\/campusensap.minsa.gob.pe\/investigacion\/wp-json\/wp\/v2\/pages"}],"about":[{"href":"https:\/\/campusensap.minsa.gob.pe\/investigacion\/wp-json\/wp\/v2\/types\/page"}],"author":[{"embeddable":true,"href":"https:\/\/campusensap.minsa.gob.pe\/investigacion\/wp-json\/wp\/v2\/users\/2"}],"replies":[{"embeddable":true,"href":"https:\/\/campusensap.minsa.gob.pe\/investigacion\/wp-json\/wp\/v2\/comments?post=77"}],"version-history":[{"count":0,"href":"https:\/\/campusensap.minsa.gob.pe\/investigacion\/wp-json\/wp\/v2\/pages\/77\/revisions"}],"up":[{"embeddable":true,"href":"https:\/\/campusensap.minsa.gob.pe\/investigacion\/wp-json\/wp\/v2\/pages\/80"}],"wp:attachment":[{"href":"https:\/\/campusensap.minsa.gob.pe\/investigacion\/wp-json\/wp\/v2\/media?parent=77"}],"curies":[{"name":"wp","href":"https:\/\/api.w.org\/{rel}","templated":true}]}}