{"id":7,"date":"2026-04-14T12:02:29","date_gmt":"2026-04-14T17:02:29","guid":{"rendered":"http:\/\/localhost\/investigacion\/presentacion-institucional\/"},"modified":"2026-04-14T12:02:29","modified_gmt":"2026-04-14T17:02:29","slug":"presentacion-institucional","status":"publish","type":"page","link":"https:\/\/campusensap.minsa.gob.pe\/investigacion\/presentacion-institucional\/","title":{"rendered":"Presentaci\u00f3n Institucional"},"content":{"rendered":"\n<p>La Direcci\u00f3n de Investigaci\u00f3n de la ENSAP es el \u00f3rgano de l\u00ednea encargado de fomentar y realizar investigaciones para responder a las prioridades sanitarias con \u00e9nfasis en la realidad nacional y de cada una de las regiones, a trav\u00e9s de la producci\u00f3n de conocimiento en salud p\u00fablica (Art. 11 MAPRO).<\/p>\n\n\n\n<h3 class=\"wp-block-heading\">Funciones de la Direcci\u00f3n de Investigaci\u00f3n<\/h3>\n\n\n\n<ul class=\"wp-block-list\">\n<li>Proponer, dirigir y ejecutar pol\u00edticas, normas y procedimientos para fomentar la investigaci\u00f3n en la ENSAP.<\/li>\n<li>Garantizar el cumplimiento de lineamientos \u00e9ticos y de propiedad intelectual establecidos por el CIEI.<\/li>\n<li>Emitir opini\u00f3n t\u00e9cnica para asegurar la integridad cient\u00edfica y \u00e9tica de investigaciones y publicaciones.<\/li>\n<li>Desarrollar investigaciones que eval\u00faen el impacto de los programas acad\u00e9micos en el sistema de salud.<\/li>\n<li>Coordinar y dirigir investigaciones en salud p\u00fablica y privadas seg\u00fan prioridades regionales y nacionales.<\/li>\n<\/ul>\n","protected":false},"excerpt":{"rendered":"<p>La Direcci\u00f3n de Investigaci\u00f3n de la ENSAP es el \u00f3rgano de l\u00ednea encargado de fomentar y realizar investigaciones para responder a las prioridades sanitarias con \u00e9nfasis en la realidad nacional y de cada una de las regiones, a trav\u00e9s de la producci\u00f3n de conocimiento en salud p\u00fablica (Art. 11 MAPRO). Funciones de la Direcci\u00f3n de&#8230;<\/p>\n","protected":false},"author":2,"featured_media":0,"parent":0,"menu_order":0,"comment_status":"closed","ping_status":"closed","template":"","meta":{"_kad_post_transparent":"","_kad_post_title":"","_kad_post_layout":"","_kad_post_sidebar_id":"","_kad_post_content_style":"","_kad_post_vertical_padding":"","_kad_post_feature":"","_kad_post_feature_position":"","_kad_post_header":false,"_kad_post_footer":false,"_kad_post_classname":"","footnotes":""},"class_list":["post-7","page","type-page","status-publish","hentry"],"_links":{"self":[{"href":"https:\/\/campusensap.minsa.gob.pe\/investigacion\/wp-json\/wp\/v2\/pages\/7","targetHints":{"allow":["GET"]}}],"collection":[{"href":"https:\/\/campusensap.minsa.gob.pe\/investigacion\/wp-json\/wp\/v2\/pages"}],"about":[{"href":"https:\/\/campusensap.minsa.gob.pe\/investigacion\/wp-json\/wp\/v2\/types\/page"}],"author":[{"embeddable":true,"href":"https:\/\/campusensap.minsa.gob.pe\/investigacion\/wp-json\/wp\/v2\/users\/2"}],"replies":[{"embeddable":true,"href":"https:\/\/campusensap.minsa.gob.pe\/investigacion\/wp-json\/wp\/v2\/comments?post=7"}],"version-history":[{"count":0,"href":"https:\/\/campusensap.minsa.gob.pe\/investigacion\/wp-json\/wp\/v2\/pages\/7\/revisions"}],"wp:attachment":[{"href":"https:\/\/campusensap.minsa.gob.pe\/investigacion\/wp-json\/wp\/v2\/media?parent=7"}],"curies":[{"name":"wp","href":"https:\/\/api.w.org\/{rel}","templated":true}]}}