{"id":23,"date":"2026-04-14T12:02:29","date_gmt":"2026-04-14T17:02:29","guid":{"rendered":"http:\/\/localhost\/investigacion\/ciei\/integridad-cientifica\/"},"modified":"2026-04-14T12:02:29","modified_gmt":"2026-04-14T17:02:29","slug":"integridad-cientifica","status":"publish","type":"page","link":"https:\/\/campusensap.minsa.gob.pe\/investigacion\/ciei\/integridad-cientifica\/","title":{"rendered":"Integridad Cient\u00edfica"},"content":{"rendered":"<p>Lineamientos sobre plagio, conflictos de inter\u00e9s e integridad en la investigaci\u00f3n. <em>(Contenido pendiente)<\/em><\/p>\n","protected":false},"excerpt":{"rendered":"<p>Lineamientos sobre plagio, conflictos de inter\u00e9s e integridad en la investigaci\u00f3n. (Contenido pendiente)<\/p>\n","protected":false},"author":2,"featured_media":0,"parent":17,"menu_order":0,"comment_status":"closed","ping_status":"closed","template":"","meta":{"_kad_post_transparent":"","_kad_post_title":"","_kad_post_layout":"","_kad_post_sidebar_id":"","_kad_post_content_style":"","_kad_post_vertical_padding":"","_kad_post_feature":"","_kad_post_feature_position":"","_kad_post_header":false,"_kad_post_footer":false,"_kad_post_classname":"","footnotes":""},"class_list":["post-23","page","type-page","status-publish","hentry"],"_links":{"self":[{"href":"https:\/\/campusensap.minsa.gob.pe\/investigacion\/wp-json\/wp\/v2\/pages\/23","targetHints":{"allow":["GET"]}}],"collection":[{"href":"https:\/\/campusensap.minsa.gob.pe\/investigacion\/wp-json\/wp\/v2\/pages"}],"about":[{"href":"https:\/\/campusensap.minsa.gob.pe\/investigacion\/wp-json\/wp\/v2\/types\/page"}],"author":[{"embeddable":true,"href":"https:\/\/campusensap.minsa.gob.pe\/investigacion\/wp-json\/wp\/v2\/users\/2"}],"replies":[{"embeddable":true,"href":"https:\/\/campusensap.minsa.gob.pe\/investigacion\/wp-json\/wp\/v2\/comments?post=23"}],"version-history":[{"count":0,"href":"https:\/\/campusensap.minsa.gob.pe\/investigacion\/wp-json\/wp\/v2\/pages\/23\/revisions"}],"up":[{"embeddable":true,"href":"https:\/\/campusensap.minsa.gob.pe\/investigacion\/wp-json\/wp\/v2\/pages\/17"}],"wp:attachment":[{"href":"https:\/\/campusensap.minsa.gob.pe\/investigacion\/wp-json\/wp\/v2\/media?parent=23"}],"curies":[{"name":"wp","href":"https:\/\/api.w.org\/{rel}","templated":true}]}}