{"id":17,"date":"2026-04-14T12:02:29","date_gmt":"2026-04-14T17:02:29","guid":{"rendered":"http:\/\/localhost\/investigacion\/ciei\/"},"modified":"2026-04-14T12:02:29","modified_gmt":"2026-04-14T17:02:29","slug":"ciei","status":"publish","type":"page","link":"https:\/\/campusensap.minsa.gob.pe\/investigacion\/ciei\/","title":{"rendered":"Comit\u00e9 de \u00c9tica en Investigaci\u00f3n"},"content":{"rendered":"\n<p>El Comit\u00e9 Institucional de \u00c9tica en Investigaci\u00f3n (CIEI) garantiza el cumplimiento de los lineamientos \u00e9ticos y de propiedad intelectual en todas las investigaciones realizadas o avaladas por la ENSAP.<\/p>\n\n\n\n<h3 class=\"wp-block-heading\">\u00bfQu\u00e9 hace el CIEI?<\/h3>\n\n\n\n<ul class=\"wp-block-list\">\n<li>Eval\u00faa protocolos de investigaci\u00f3n bajo est\u00e1ndares \u00e9ticos nacionales e internacionales.<\/li>\n<li>Emite dict\u00e1menes de aprobaci\u00f3n, observaci\u00f3n o rechazo de proyectos.<\/li>\n<li>Supervisa el cumplimiento de principios de integridad cient\u00edfica.<\/li>\n<li>Promueve la formaci\u00f3n \u00e9tica en investigaci\u00f3n.<\/li>\n<\/ul>\n","protected":false},"excerpt":{"rendered":"<p>El Comit\u00e9 Institucional de \u00c9tica en Investigaci\u00f3n (CIEI) garantiza el cumplimiento de los lineamientos \u00e9ticos y de propiedad intelectual en todas las investigaciones realizadas o avaladas por la ENSAP. \u00bfQu\u00e9 hace el CIEI? Eval\u00faa protocolos de investigaci\u00f3n bajo est\u00e1ndares \u00e9ticos nacionales e internacionales. Emite dict\u00e1menes de aprobaci\u00f3n, observaci\u00f3n o rechazo de proyectos. Supervisa el cumplimiento&#8230;<\/p>\n","protected":false},"author":2,"featured_media":0,"parent":0,"menu_order":0,"comment_status":"closed","ping_status":"closed","template":"page-ciei.php","meta":{"_kad_post_transparent":"","_kad_post_title":"","_kad_post_layout":"","_kad_post_sidebar_id":"","_kad_post_content_style":"","_kad_post_vertical_padding":"","_kad_post_feature":"","_kad_post_feature_position":"","_kad_post_header":false,"_kad_post_footer":false,"_kad_post_classname":"","footnotes":""},"class_list":["post-17","page","type-page","status-publish","hentry"],"_links":{"self":[{"href":"https:\/\/campusensap.minsa.gob.pe\/investigacion\/wp-json\/wp\/v2\/pages\/17","targetHints":{"allow":["GET"]}}],"collection":[{"href":"https:\/\/campusensap.minsa.gob.pe\/investigacion\/wp-json\/wp\/v2\/pages"}],"about":[{"href":"https:\/\/campusensap.minsa.gob.pe\/investigacion\/wp-json\/wp\/v2\/types\/page"}],"author":[{"embeddable":true,"href":"https:\/\/campusensap.minsa.gob.pe\/investigacion\/wp-json\/wp\/v2\/users\/2"}],"replies":[{"embeddable":true,"href":"https:\/\/campusensap.minsa.gob.pe\/investigacion\/wp-json\/wp\/v2\/comments?post=17"}],"version-history":[{"count":0,"href":"https:\/\/campusensap.minsa.gob.pe\/investigacion\/wp-json\/wp\/v2\/pages\/17\/revisions"}],"wp:attachment":[{"href":"https:\/\/campusensap.minsa.gob.pe\/investigacion\/wp-json\/wp\/v2\/media?parent=17"}],"curies":[{"name":"wp","href":"https:\/\/api.w.org\/{rel}","templated":true}]}}