{"id":12,"date":"2026-04-14T12:02:29","date_gmt":"2026-04-14T17:02:29","guid":{"rendered":"http:\/\/localhost\/investigacion\/politicas-investigacion\/politica-institucional\/"},"modified":"2026-04-14T12:02:29","modified_gmt":"2026-04-14T17:02:29","slug":"politica-institucional","status":"publish","type":"page","link":"https:\/\/campusensap.minsa.gob.pe\/investigacion\/politicas-investigacion\/politica-institucional\/","title":{"rendered":"Pol\u00edtica Institucional de Investigaci\u00f3n"},"content":{"rendered":"<p>Pol\u00edtica institucional de investigaci\u00f3n de la ENSAP. <em>(Adjuntar documento PDF)<\/em><\/p>\n","protected":false},"excerpt":{"rendered":"<p>Pol\u00edtica institucional de investigaci\u00f3n de la ENSAP. (Adjuntar documento PDF)<\/p>\n","protected":false},"author":2,"featured_media":0,"parent":11,"menu_order":0,"comment_status":"closed","ping_status":"closed","template":"page-politica-institucional.php","meta":{"_kad_post_transparent":"","_kad_post_title":"","_kad_post_layout":"","_kad_post_sidebar_id":"","_kad_post_content_style":"","_kad_post_vertical_padding":"","_kad_post_feature":"","_kad_post_feature_position":"","_kad_post_header":false,"_kad_post_footer":false,"_kad_post_classname":"","footnotes":""},"class_list":["post-12","page","type-page","status-publish","hentry"],"_links":{"self":[{"href":"https:\/\/campusensap.minsa.gob.pe\/investigacion\/wp-json\/wp\/v2\/pages\/12","targetHints":{"allow":["GET"]}}],"collection":[{"href":"https:\/\/campusensap.minsa.gob.pe\/investigacion\/wp-json\/wp\/v2\/pages"}],"about":[{"href":"https:\/\/campusensap.minsa.gob.pe\/investigacion\/wp-json\/wp\/v2\/types\/page"}],"author":[{"embeddable":true,"href":"https:\/\/campusensap.minsa.gob.pe\/investigacion\/wp-json\/wp\/v2\/users\/2"}],"replies":[{"embeddable":true,"href":"https:\/\/campusensap.minsa.gob.pe\/investigacion\/wp-json\/wp\/v2\/comments?post=12"}],"version-history":[{"count":0,"href":"https:\/\/campusensap.minsa.gob.pe\/investigacion\/wp-json\/wp\/v2\/pages\/12\/revisions"}],"up":[{"embeddable":true,"href":"https:\/\/campusensap.minsa.gob.pe\/investigacion\/wp-json\/wp\/v2\/pages\/11"}],"wp:attachment":[{"href":"https:\/\/campusensap.minsa.gob.pe\/investigacion\/wp-json\/wp\/v2\/media?parent=12"}],"curies":[{"name":"wp","href":"https:\/\/api.w.org\/{rel}","templated":true}]}}